{"id":1451,"date":"2024-01-31T15:55:10","date_gmt":"2024-01-31T15:55:10","guid":{"rendered":"https:\/\/luyabadesarrollos.com\/soldeluyaba\/?page_id=1451"},"modified":"2024-02-29T16:10:33","modified_gmt":"2024-02-29T16:10:33","slug":"chacras","status":"publish","type":"page","link":"https:\/\/luyabadesarrollos.com\/soldeluyaba\/chacras\/","title":{"rendered":"Chacras"},"content":{"rendered":"\n<div class=\"section-wrapper\" data-id=\"viFDMJ\"><section class=\"wp-block-gutenverse-section guten-element guten-section guten-viFDMJ layout-boxed align-stretch\"><div class=\"guten-background-overlay\"><\/div><div class=\"guten-shape-divider guten-shape-divider-top\"><\/div><div class=\"guten-shape-divider guten-shape-divider-bottom\"><\/div><div class=\"guten-container guten-column-gap-default\">\n<div class=\"wp-block-gutenverse-column guten-element guten-column guten-Qx28Sv\"><div class=\"guten-background-overlay\"><\/div><div class=\"sticky-wrapper\" data-id=\"Qx28Sv\"><div class=\"guten-column-wrapper\">\n<div class=\"wp-block-group is-vertical is-layout-flex wp-container-core-group-is-layout-1 wp-block-group-is-layout-flex\">\n<p class=\"has-text-align-left\">Este encantador enclave transerrano se ubica en las faldas de las majestuosas Sierras Grandes, a aproximadamente 1000 metros sobre el nivel del mar. Se encuentra cercano a localidades como San Javier, La Poblaci\u00f3n, Nono, Mina Clavero, Merlo, Yacanto y Villa de las Rosas, entre otras.<\/p>\n\n\n\n<p class=\"has-text-align-left\">Sol de Luyaba cuenta con una superficie total de 362.000m2, ofrece chacras que van desde los 5000 metros cuadrados, con posesi\u00f3n inmediata.<\/p>\n\n\n\n<p class=\"has-text-align-left\">Las chacras de Sol de Luyaba est\u00e1n habilitadas para la construcci\u00f3n de viviendas unifamiliares o para uso tur\u00edstico, siendo ideales para proyectos hoteleros, gastron\u00f3micos con cultivos propios, retiros espirituales, glamping y caba\u00f1as.<\/p>\n\n\n\n<p class=\"has-text-align-left\">Ubicado en un entorno natural excepcional, Sol de Luyaba ofrece parcelas niveladas, cubiertas de vegetaci\u00f3n nativa y vistas panor\u00e1micas hacia las impresionantes Sierras de C\u00f3rdoba.<\/p>\n<\/div>\n<\/div><\/div><\/div>\n\n\n\n<div class=\"wp-block-gutenverse-column guten-element guten-column guten-q7aYX0\"><div class=\"guten-background-overlay\"><\/div><div class=\"sticky-wrapper\" data-id=\"q7aYX0\"><div class=\"guten-column-wrapper\">\n<figure class=\"wp-block-gallery has-nested-images columns-default is-cropped wp-block-gallery-2 is-layout-flex wp-block-gallery-is-layout-flex\">\n<figure class=\"wp-block-image size-large\"><a href=\"https:\/\/luyabadesarrollos.com\/soldeluyaba\/wp-content\/uploads\/sites\/5\/2024\/02\/Luyaba-CDBA-turismo.jpg\"><img loading=\"lazy\" decoding=\"async\" width=\"1024\" height=\"683\" src=\"https:\/\/luyabadesarrollos.com\/soldeluyaba\/wp-content\/uploads\/sites\/5\/2024\/02\/Luyaba-CDBA-turismo-1024x683.jpg\" alt=\"\" class=\"wp-image-1491\" srcset=\"https:\/\/luyabadesarrollos.com\/soldeluyaba\/wp-content\/uploads\/sites\/5\/2024\/02\/Luyaba-CDBA-turismo-1024x683.jpg 1024w, https:\/\/luyabadesarrollos.com\/soldeluyaba\/wp-content\/uploads\/sites\/5\/2024\/02\/Luyaba-CDBA-turismo-300x200.jpg 300w, https:\/\/luyabadesarrollos.com\/soldeluyaba\/wp-content\/uploads\/sites\/5\/2024\/02\/Luyaba-CDBA-turismo-768x512.jpg 768w, https:\/\/luyabadesarrollos.com\/soldeluyaba\/wp-content\/uploads\/sites\/5\/2024\/02\/Luyaba-CDBA-turismo-1536x1025.jpg 1536w, https:\/\/luyabadesarrollos.com\/soldeluyaba\/wp-content\/uploads\/sites\/5\/2024\/02\/Luyaba-CDBA-turismo.jpg 2000w\" sizes=\"auto, (max-width: 1024px) 100vw, 1024px\" \/><\/a><\/figure>\n<\/figure>\n<\/div><\/div><\/div>\n<\/div><\/section><\/div>\n\n\n\n<div class=\"section-wrapper\" data-id=\"6QEV74\"><section class=\"wp-block-gutenverse-section guten-element guten-section guten-6QEV74 layout-boxed align-stretch\"><div class=\"guten-background-overlay\"><\/div><div class=\"guten-shape-divider guten-shape-divider-top\"><\/div><div class=\"guten-shape-divider guten-shape-divider-bottom\"><\/div><div class=\"guten-container guten-column-gap-default\">\n<div class=\"wp-block-gutenverse-column guten-element guten-column guten-nhMghZ\"><div class=\"guten-background-overlay\"><\/div><div class=\"sticky-wrapper\" data-id=\"nhMghZ\"><div class=\"guten-column-wrapper\">\n<h4 class=\"wp-block-gutenverse-heading guten-element guten-oza3fc\">DETALLES<\/h4>\n\n\n\n<ul>\n<li>Superficie total: 362.000 m2<\/li>\n\n\n\n<li>Lotes de 1 hect\u00e1rea o 1\/2 hect\u00e1rea (5000 \/ 10000 m2)<\/li>\n\n\n\n<li>Posesi\u00f3n inmediata<\/li>\n\n\n\n<li>Presentaci\u00f3n de planos en el municipio<\/li>\n\n\n\n<li>Entrada principal, caminos de acceso, rotonda y amojonamiento<\/li>\n\n\n\n<li>Pozo para agua, bomba solar y paneles, tanques de almacenamiento<\/li>\n\n\n\n<li>Zanjeado, mangueras y exclusas para cada lote<\/li>\n<\/ul>\n<\/div><\/div><\/div>\n\n\n\n<div class=\"wp-block-gutenverse-column guten-element guten-column guten-n9PAtK\"><div class=\"guten-background-overlay\"><\/div><div class=\"sticky-wrapper\" data-id=\"n9PAtK\"><div class=\"guten-column-wrapper\">\n<figure class=\"wp-block-image size-full is-resized\"><a href=\"https:\/\/luyabadesarrollos.com\/soldeluyaba\/wp-content\/uploads\/sites\/5\/2024\/02\/35-Has-Mensura-Color-f9ca97.jpg\"><img loading=\"lazy\" decoding=\"async\" width=\"825\" height=\"424\" src=\"https:\/\/luyabadesarrollos.com\/soldeluyaba\/wp-content\/uploads\/sites\/5\/2024\/02\/35-Has-Mensura-Color-f9ca97.jpg\" alt=\"\" class=\"wp-image-1496\" style=\"width:545px;height:auto\" srcset=\"https:\/\/luyabadesarrollos.com\/soldeluyaba\/wp-content\/uploads\/sites\/5\/2024\/02\/35-Has-Mensura-Color-f9ca97.jpg 825w, https:\/\/luyabadesarrollos.com\/soldeluyaba\/wp-content\/uploads\/sites\/5\/2024\/02\/35-Has-Mensura-Color-f9ca97-300x154.jpg 300w, https:\/\/luyabadesarrollos.com\/soldeluyaba\/wp-content\/uploads\/sites\/5\/2024\/02\/35-Has-Mensura-Color-f9ca97-768x395.jpg 768w\" sizes=\"auto, (max-width: 825px) 100vw, 825px\" \/><\/a><\/figure>\n<\/div><\/div><\/div>\n<\/div><\/section><\/div>\n\n\n\n<div class=\"section-wrapper\" data-id=\"y19r81\"><section class=\"wp-block-gutenverse-section guten-element guten-section guten-y19r81 layout-boxed align-stretch\"><div class=\"guten-background-overlay\"><\/div><div class=\"guten-shape-divider guten-shape-divider-top\"><\/div><div class=\"guten-shape-divider guten-shape-divider-bottom\"><\/div><div class=\"guten-container guten-column-gap-default\">\n<div class=\"wp-block-gutenverse-column guten-element guten-column guten-s9WTpt\"><div class=\"guten-background-overlay\"><\/div><div class=\"sticky-wrapper\" data-id=\"s9WTpt\"><div class=\"guten-column-wrapper\">\n<p class=\"has-intrace-background-background-color has-background has-heading-5-font-size\" style=\"margin-top:0;margin-bottom:var(--wp--preset--spacing--70)\">Actualmente el proyecto est\u00e1 en la segunda etapa de su desarrollo, con precios de USD 25000 para chacras de \u00bd hect\u00e1rea y USD 35000 para chacras de 1 hect\u00e1rea. El valor de venta final de cada hect\u00e1rea ser\u00e1 de USD 60000 cuando la tercer etapa est\u00e9 concluida.<\/p>\n\n\n\n<div class=\"section-wrapper\" data-id=\"1gGIcr\"><section class=\"wp-block-gutenverse-section guten-element guten-section guten-1gGIcr layout-boxed align-stretch\"><div class=\"guten-background-overlay\"><\/div><div class=\"guten-shape-divider guten-shape-divider-top\"><\/div><div class=\"guten-shape-divider guten-shape-divider-bottom\"><\/div><div class=\"guten-container guten-column-gap-no\">\n<div class=\"wp-block-gutenverse-column guten-element guten-column guten-rCthVg animated guten-element-hide desktop-fadeInLeft\" id=\"lotes\"><div class=\"guten-background-overlay\"><\/div><div class=\"sticky-wrapper\" data-id=\"rCthVg\"><div class=\"guten-column-wrapper\">\n<h5 class=\"wp-block-gutenverse-heading guten-element guten-iQ5RUx animated guten-element-hide desktop-fadeInLeft\">lotes<\/h5>\n\n\n\n<div class=\"wp-block-group is-layout-constrained wp-block-group-is-layout-constrained\" style=\"padding-right:0;padding-left:0\">\n<h2 class=\"wp-block-gutenverse-heading guten-element guten-4QytlK\">compr\u00c1 tu CHacra<\/h2>\n<\/div>\n\n\n\n<div class=\"guten-element gutenverse-text-editor guten-0gflXP\"><div class=\"text-content-inner\"><\/div><\/div>\n\n\n\n<div class=\"guten-element guten-button-wrapper guten-bTbHje\"><a class=\"guten-button guten-button-sm\" href=\"contacto\/\"><span>contactanos<\/span><\/a><\/div>\n<\/div><\/div><\/div>\n\n\n\n<div class=\"wp-block-gutenverse-column guten-element guten-column guten-87kAU1 animated guten-element-hide desktop-fadeInUp\"><div class=\"guten-background-overlay\"><\/div><div class=\"sticky-wrapper\" data-id=\"87kAU1\"><div class=\"guten-column-wrapper\">\n<h3 class=\"wp-block-gutenverse-heading guten-element guten-Fy71dd\">1\/2 Hect\u00e1rea<\/h3>\n\n\n\n<div class=\"guten-element gutenverse-text-editor guten-Oy0kbl\"><div class=\"text-content-inner\">\n<p class=\"has-intrace-body-text-color has-text-color has-link-color has-extra-large-font-size wp-elements-bb50e56be73fae163c74187a334fb496\">USD 25000<\/p>\n<\/div><\/div>\n<\/div><\/div><\/div>\n\n\n\n<div class=\"wp-block-gutenverse-column guten-element guten-column guten-J2jfZ2 animated guten-element-hide desktop-fadeInUp\"><div class=\"guten-background-overlay\"><\/div><div class=\"sticky-wrapper\" data-id=\"J2jfZ2\"><div class=\"guten-column-wrapper\">\n<h3 class=\"wp-block-gutenverse-heading guten-element guten-BWNSbW\">1 Hect\u00e1rea<\/h3>\n\n\n\n<div class=\"guten-element gutenverse-text-editor guten-VXv6Li\"><div class=\"text-content-inner\">\n<p class=\"has-intrace-body-text-color has-text-color has-link-color has-extra-large-font-size wp-elements-a70a4994b7bad364a96e8b9fa9557522\">USD 35000<\/p>\n<\/div><\/div>\n<\/div><\/div><\/div>\n\n\n\n<div class=\"wp-block-gutenverse-column guten-element guten-column guten-HEyfz2 animated guten-element-hide desktop-fadeInUp\"><div class=\"guten-background-overlay\"><\/div><div class=\"sticky-wrapper\" data-id=\"HEyfz2\"><div class=\"guten-column-wrapper\">\n<h3 class=\"wp-block-gutenverse-heading guten-element guten-VhVYyV\">Varias Hect\u00e1reas<\/h3>\n\n\n\n<div class=\"guten-element gutenverse-text-editor guten-o1dXCv\"><div class=\"text-content-inner\">\n<p class=\"has-intrace-body-text-color has-text-color has-link-color wp-elements-26829b728c3f0f8e140ef05d4779f199\" style=\"font-size:42px\">CONSULTA<\/p>\n<\/div><\/div>\n<\/div><\/div><\/div>\n<\/div><\/section><\/div>\n<\/div><\/div><\/div>\n<\/div><\/section><\/div>\n\n\n\n<div class=\"section-wrapper\" data-id=\"n311wQ\"><section class=\"wp-block-gutenverse-section guten-element guten-section guten-n311wQ layout-boxed align-stretch\"><div class=\"guten-background-overlay\"><\/div><div class=\"guten-shape-divider guten-shape-divider-top\"><\/div><div class=\"guten-shape-divider guten-shape-divider-bottom\"><\/div><div class=\"guten-container guten-column-gap-default\">\n<div class=\"wp-block-gutenverse-column guten-element guten-column guten-KDyxB9\"><div class=\"guten-background-overlay\"><\/div><div class=\"sticky-wrapper\" data-id=\"KDyxB9\"><div class=\"guten-column-wrapper\">\n<div class=\"wp-block-group is-nowrap is-layout-flex wp-container-core-group-is-layout-3 wp-block-group-is-layout-flex\">\n<ul class=\"wp-block-social-links is-layout-flex wp-block-social-links-is-layout-flex\"><li class=\"wp-social-link wp-social-link-mail  wp-block-social-link\"><a href=\"mailto:in&#102;o&#064;&#108;&#117;ya&#098;ad&#101;&#115;&#097;&#114;&#114;&#111;l&#108;&#111;s.&#099;o&#109;\" class=\"wp-block-social-link-anchor\"><svg width=\"24\" height=\"24\" viewBox=\"0 0 24 24\" version=\"1.1\" xmlns=\"http:\/\/www.w3.org\/2000\/svg\" aria-hidden=\"true\" focusable=\"false\"><path d=\"M19,5H5c-1.1,0-2,.9-2,2v10c0,1.1.9,2,2,2h14c1.1,0,2-.9,2-2V7c0-1.1-.9-2-2-2zm.5,12c0,.3-.2.5-.5.5H5c-.3,0-.5-.2-.5-.5V9.8l7.5,5.6,7.5-5.6V17zm0-9.1L12,13.6,4.5,7.9V7c0-.3.2-.5.5-.5h14c.3,0,.5.2.5.5v.9z\"><\/path><\/svg><span class=\"wp-block-social-link-label screen-reader-text\">Mail<\/span><\/a><\/li><\/ul>\n\n\n\n<p><a href=\"mailto:info@luyabadesarrollos.com\">info@luyabadesarrollos.com<\/a><\/p>\n<\/div>\n<\/div><\/div><\/div>\n\n\n\n<div class=\"wp-block-gutenverse-column guten-element guten-column guten-Xwe4uQ\"><div class=\"guten-background-overlay\"><\/div><div class=\"sticky-wrapper\" data-id=\"Xwe4uQ\"><div class=\"guten-column-wrapper\">\n<div class=\"guten-element guten-button-wrapper guten-RGwwYk\"><a class=\"guten-button guten-button-lg\" href=\"caracteristicas\/\"><span>M\u00c1S INFO SOBRE LUYABA<\/span><\/a><\/div>\n<\/div><\/div><\/div>\n<\/div><\/section><\/div>\n","protected":false},"excerpt":{"rendered":"","protected":false},"author":3,"featured_media":0,"parent":0,"menu_order":0,"comment_status":"closed","ping_status":"closed","template":"","meta":{"om_disable_all_campaigns":false,"_monsterinsights_skip_tracking":false,"_monsterinsights_sitenote_active":false,"_monsterinsights_sitenote_note":"","_monsterinsights_sitenote_category":0,"footnotes":""},"class_list":["post-1451","page","type-page","status-publish","hentry"],"aioseo_notices":[],"_links":{"self":[{"href":"https:\/\/luyabadesarrollos.com\/soldeluyaba\/wp-json\/wp\/v2\/pages\/1451","targetHints":{"allow":["GET"]}}],"collection":[{"href":"https:\/\/luyabadesarrollos.com\/soldeluyaba\/wp-json\/wp\/v2\/pages"}],"about":[{"href":"https:\/\/luyabadesarrollos.com\/soldeluyaba\/wp-json\/wp\/v2\/types\/page"}],"author":[{"embeddable":true,"href":"https:\/\/luyabadesarrollos.com\/soldeluyaba\/wp-json\/wp\/v2\/users\/3"}],"replies":[{"embeddable":true,"href":"https:\/\/luyabadesarrollos.com\/soldeluyaba\/wp-json\/wp\/v2\/comments?post=1451"}],"version-history":[{"count":47,"href":"https:\/\/luyabadesarrollos.com\/soldeluyaba\/wp-json\/wp\/v2\/pages\/1451\/revisions"}],"predecessor-version":[{"id":1773,"href":"https:\/\/luyabadesarrollos.com\/soldeluyaba\/wp-json\/wp\/v2\/pages\/1451\/revisions\/1773"}],"wp:attachment":[{"href":"https:\/\/luyabadesarrollos.com\/soldeluyaba\/wp-json\/wp\/v2\/media?parent=1451"}],"curies":[{"name":"wp","href":"https:\/\/api.w.org\/{rel}","templated":true}]}}